{"id":22,"date":"2019-11-23T17:35:14","date_gmt":"2019-11-23T16:35:14","guid":{"rendered":"https:\/\/www.alterites.fr\/?page_id=22"},"modified":"2020-11-30T22:38:52","modified_gmt":"2020-11-30T21:38:52","slug":"accueil","status":"publish","type":"page","link":"https:\/\/www.alterites.fr\/","title":{"rendered":"Accueil"},"content":{"rendered":"<style id=\"kt-blocks_0a7599-71\" type=\"text\/css\">.wp-block-kadence-advancedgallery.kb-gallery-wrap-id-_0a7599-71 {margin:0px 0px 0px 0px;}@media (max-width: 767px) {.wp-block-kadence-advancedgallery.kb-gallery-wrap-id-_0a7599-71 {margin:1px 1px 1px 1px;}}.kb-gallery-id-_0a7599-71 .kadence-blocks-gallery-item .kb-gal-image-radius {border-radius: 10px 10px 10px 10px;}.kb-gallery-id-_0a7599-71 .kadence-blocks-gallery-item .kadence-blocks-gallery-item-inner .kadence-blocks-gallery-item__caption {background:linear-gradient( 0deg, rgba(15, 51, 72, 0.75) 0, rgba(15, 51, 72, 0) 100% );font-size:2em;line-height:1em;letter-spacing:-1px;text-transform:none;font-family:El Messiri;font-style:normal;font-weight:400;}.kb-gallery-caption-style-cover-hover.kb-gallery-id-_0a7599-71 .kadence-blocks-gallery-item .kadence-blocks-gallery-item-inner .kadence-blocks-gallery-item__caption, .kb-gallery-caption-style-below.kb-gallery-id-_0a7599-71 .kadence-blocks-gallery-item .kadence-blocks-gallery-item-inner .kadence-blocks-gallery-item__caption {background:rgba(15, 51, 72, 0.75);}@media (min-width: 767px) and (max-width: 1024px) {.kb-gallery-id-_0a7599-71 .kadence-blocks-gallery-item .kadence-blocks-gallery-item__caption {font-size:1em;line-height:1em;}}@media (max-width: 767px) {.kb-gallery-id-_0a7599-71 .kadence-blocks-gallery-item .kadence-blocks-gallery-item__caption {font-size:0.5em;line-height:0.5em;}}<\/style>\n<div class=\"wp-block-kadence-advancedgallery kb-gallery-wrap-id-_0a7599-71\"><div class=\"kb-gallery-ul kb-gallery-type-slider kb-gallery-id-_0a7599-71 kb-gallery-caption-style-cover-hover kb-gallery-filter-none\" data-image-filter=\"none\" data-lightbox-caption=\"true\"><div class=\"kt-blocks-carousel kt-carousel-container-dotstyle-dark\"><div class=\"kt-blocks-carousel-init kb-blocks-slider kt-carousel-arrowstyle-none kt-carousel-dotstyle-dark\" data-slider-anim-speed=\"400\" data-slider-type=\"slider\" data-slider-scroll=\"1\" data-slider-arrows=\"false\" data-slider-dots=\"true\" data-slider-hover-pause=\"false\" data-slider-auto=\"true\" data-slider-speed=\"7000\"><div class=\"kb-slide-item kb-gallery-slide-item\"><li class=\"kadence-blocks-gallery-item\"><div class=\"kadence-blocks-gallery-item-inner\"><figure class=\"kb-gallery-figure kadence-blocks-gallery-item-has-caption kb-has-image-ratio-land31\"><div class=\"kb-gal-image-radius\"><div class=\"kb-gallery-image-contain kadence-blocks-gallery-intrinsic kb-gallery-image-ratio-land31\"><img loading=\"lazy\" decoding=\"async\" src=\"https:\/\/www.alterites.fr\/wp-content\/uploads\/2019\/11\/human-2944065.jpg\" width=\"5044\" height=\"2647\" data-full-image=\"https:\/\/www.alterites.fr\/wp-content\/uploads\/2019\/11\/human-2944065.jpg\" data-light-image=\"https:\/\/www.alterites.fr\/wp-content\/uploads\/2019\/11\/human-2944065.jpg\" data-id=\"1447\" data-link=\"https:\/\/www.alterites.fr\/?attachment_id=1447\" class=\"wp-image-1447\" srcset=\"https:\/\/www.alterites.fr\/wp-content\/uploads\/2019\/11\/human-2944065.jpg 5044w, https:\/\/www.alterites.fr\/wp-content\/uploads\/2019\/11\/human-2944065-768x403.jpg 768w, https:\/\/www.alterites.fr\/wp-content\/uploads\/2019\/11\/human-2944065-585x307.jpg 585w\" sizes=\"(max-width: 5044px) 100vw, 5044px\" \/><\/div><figcaption class=\"kadence-blocks-gallery-item__caption\">\u00ab\u00a0Il y a \u00ab ma \u00bb v\u00e9rit\u00e9 et \u00ab ta \u00bb v\u00e9rit\u00e9, qui ne se rencontreront jamais. \u00ab LA \u00bb v\u00e9rit\u00e9 se trouve au milieu. Pour s&rsquo;en approcher, chacun doit se d\u00e9gager un peu de \u00ab sa \u00bb v\u00e9rit\u00e9 pour faire un pas vers l&rsquo;autre.\u00a0\u00bb <br>Amadou Hamp\u00e2t\u00e9 B\u00e2 <\/figcaption><\/div><\/figure><\/div><\/li><\/div><div class=\"kb-slide-item kb-gallery-slide-item\"><li class=\"kadence-blocks-gallery-item\"><div class=\"kadence-blocks-gallery-item-inner\"><figure class=\"kb-gallery-figure kadence-blocks-gallery-item-has-caption kb-has-image-ratio-land31\"><div class=\"kb-gal-image-radius\"><div class=\"kb-gallery-image-contain kadence-blocks-gallery-intrinsic kb-gallery-image-ratio-land31\"><img loading=\"lazy\" decoding=\"async\" src=\"https:\/\/www.alterites.fr\/wp-content\/uploads\/2019\/11\/glasses-1246611.jpg\" width=\"4859\" height=\"3218\" data-full-image=\"https:\/\/www.alterites.fr\/wp-content\/uploads\/2019\/11\/glasses-1246611.jpg\" data-light-image=\"https:\/\/www.alterites.fr\/wp-content\/uploads\/2019\/11\/glasses-1246611.jpg\" data-id=\"1578\" data-link=\"https:\/\/www.alterites.fr\/?attachment_id=1578\" class=\"wp-image-1578\" srcset=\"https:\/\/www.alterites.fr\/wp-content\/uploads\/2019\/11\/glasses-1246611.jpg 4859w, https:\/\/www.alterites.fr\/wp-content\/uploads\/2019\/11\/glasses-1246611-768x509.jpg 768w, https:\/\/www.alterites.fr\/wp-content\/uploads\/2019\/11\/glasses-1246611-585x387.jpg 585w\" sizes=\"(max-width: 4859px) 100vw, 4859px\" \/><\/div><figcaption class=\"kadence-blocks-gallery-item__caption\">La culture c&rsquo;est comme une paire de lunettes. <br>Sans, on ne voit rien, mais on oublie <br>souvent qu&rsquo;on l&rsquo;a sur le nez.<\/figcaption><\/div><\/figure><\/div><\/li><\/div><\/div><\/div><\/div><\/div>\n\n\n<div id=\"latest-posts\"><div id=\"blog-posts-1\" class=\"row-fluid blog-posts\"><article class=\"post-size span4 style_4 2019 post-2019 post type-post status-publish format-standard hentry category-agenda post\"><div class=\"post-content-container textcenter\"><div class=\"post-img-block\"><div class=\"label-date\"><span class=\"day\">07<\/span><span class=\"month\">Jan<\/span><\/div><\/div><div class=\"post-content-block\"><div class=\"meta-categories\"><a href=\"https:\/\/www.alterites.fr\/?cat=17\" rel=\"category\">Agenda<\/a><\/div><header class=\"title\"><h2 itemprop=\"headline\"><a href=\"https:\/\/www.alterites.fr\/?p=2019\" title=\"Permalink to Conf\u00e9rence \u00e0 la bellevilloise\" rel=\"bookmark\">Conf\u00e9rence \u00e0 la bellevilloise<\/a><\/h2><\/header><div class=\"post-content\"><div class=\"post-excerpt\">J&rsquo;aurai l&rsquo;immense plaisir le mardi 11 janvier de donner une conf\u00e9rence en pr\u00e9sentiel !!!<\/div><\/div><div class=\"post-meta footer-meta\"><div class=\"post-like\"><div class=\"item-like\"><a href=\"#\" data-post_id=\"2019\"><span  title=\"I like this\" class=\"qtip like\"><i class=\"la la-heart-o\"><\/i><\/span><\/a><span class=\"count\">4<\/span> Likes<\/div><\/div><div class=\"post-read\">1 min read<\/div><div class=\"post-view\">3046 Views<\/div><\/div><\/div><\/div><\/article><article class=\"post-size span4 style_4 1976 post-1976 post type-post status-publish format-standard hentry category-temoignage post\"><div class=\"post-content-container textcenter\"><div class=\"post-img-block\"><div class=\"label-date\"><span class=\"day\">26<\/span><span class=\"month\">F\u00e9v<\/span><\/div><\/div><div class=\"post-content-block\"><div class=\"meta-categories\"><a href=\"https:\/\/www.alterites.fr\/?cat=23\" rel=\"category\">T\u00e9moignage<\/a><\/div><header class=\"title\"><h2 itemprop=\"headline\"><a href=\"https:\/\/www.alterites.fr\/?p=1976\" title=\"Permalink to Shirley SouagNon parle du stage pour humoristEs\" rel=\"bookmark\">Shirley SouagNon parle du stage pour humoristEs<\/a><\/h2><\/header><div class=\"post-content\"><div class=\"post-excerpt\">Un des aspects les plus stimulants de mon activit\u00e9 professionnelle est la diversit\u00e9 des<\/div><\/div><div class=\"post-meta footer-meta\"><div class=\"post-like\"><div class=\"item-like\"><a href=\"#\" data-post_id=\"1976\"><span  title=\"I like this\" class=\"qtip like\"><i class=\"la la-heart-o\"><\/i><\/span><\/a><span class=\"count\">9<\/span> Likes<\/div><\/div><div class=\"post-read\">1 min read<\/div><div class=\"post-view\">3432 Views<\/div><\/div><\/div><\/div><\/article><article class=\"post-size span4 style_4 1873 post-1873 post type-post status-publish format-standard has-post-thumbnail hentry category-conferences post\"><div class=\"post-content-container textcenter\"><div class=\"post-img-block\"><figure class=\"post-img\"><a href=\"https:\/\/www.alterites.fr\/?p=1873\" rel=\"bookmark\"><img loading=\"lazy\" decoding=\"async\" width=\"488\" height=\"288\" src=\"https:\/\/www.alterites.fr\/wp-content\/uploads\/2020\/11\/Capture-d\u2019e\u0301cran-2020-11-29-a\u0300-10.20.31.png\" class=\"attachment-medium size-medium wp-post-image\" alt=\"\" \/><\/a><\/figure><div class=\"label-date\"><span class=\"day\">29<\/span><span class=\"month\">Nov<\/span><\/div><\/div><div class=\"post-content-block\"><div class=\"meta-categories\"><a href=\"https:\/\/www.alterites.fr\/?cat=19\" rel=\"category\">Conf\u00e9rences<\/a><\/div><header class=\"title\"><h2 itemprop=\"headline\"><a href=\"https:\/\/www.alterites.fr\/?p=1873\" title=\"Permalink to Pr\u00e9sentation de la m\u00e9thode alt\u00e9rit\u00e9s \u00e0 l&rsquo;\u00e9cole militaire\" rel=\"bookmark\">Pr\u00e9sentation de la m\u00e9thode alt\u00e9rit\u00e9s \u00e0 l&rsquo;\u00e9cole militaire<\/a><\/h2><\/header><div class=\"post-content\"><div class=\"post-excerpt\">J&rsquo;ai eu la chance d&rsquo;\u00eatre invit\u00e9e \u00e0 participer \u00e0 la 3\u00e8me \u00e9dition du colloque<\/div><\/div><div class=\"post-meta footer-meta\"><div class=\"post-like\"><div class=\"item-like\"><a href=\"#\" data-post_id=\"1873\"><span  title=\"I like this\" class=\"qtip like\"><i class=\"la la-heart-o\"><\/i><\/span><\/a><span class=\"count\">23<\/span> Likes<\/div><\/div><div class=\"post-read\">1 min read<\/div><div class=\"post-view\">3486 Views<\/div><\/div><\/div><\/div><\/article><article class=\"post-size span4 style_4 1694 post-1694 post type-post status-publish format-standard has-post-thumbnail hentry category-actualite post\"><div class=\"post-content-container textcenter\"><div class=\"post-img-block\"><figure class=\"post-img\"><a href=\"https:\/\/www.alterites.fr\/?p=1694\" rel=\"bookmark\"><img loading=\"lazy\" decoding=\"async\" width=\"570\" height=\"410\" src=\"https:\/\/www.alterites.fr\/wp-content\/uploads\/2020\/02\/Couv-Grazia-0220-2-2-570x410.jpg\" class=\"attachment-medium size-medium wp-post-image\" alt=\"\" \/><\/a><\/figure><div class=\"label-date\"><span class=\"day\">21<\/span><span class=\"month\">F\u00e9v<\/span><\/div><\/div><div class=\"post-content-block\"><div class=\"meta-categories\"><a href=\"https:\/\/www.alterites.fr\/?cat=21\" rel=\"category\">Actualit\u00e9<\/a><\/div><header class=\"title\"><h2 itemprop=\"headline\"><a href=\"https:\/\/www.alterites.fr\/?p=1694\" title=\"Permalink to Cette semaine dans grazia\" rel=\"bookmark\">Cette semaine dans grazia<\/a><\/h2><\/header><div class=\"post-content\"><div class=\"post-excerpt\">Un article (im)pertinent sur cette nouvelle g\u00e9n\u00e9ration d&rsquo;humoristes \u00ab\u00a0hors-norme\u00a0\u00bb qui conjuguent l&rsquo;alt\u00e9rit\u00e9 au pluriel<\/div><\/div><div class=\"post-meta footer-meta\"><div class=\"post-like\"><div class=\"item-like\"><a href=\"#\" data-post_id=\"1694\"><span  title=\"I like this\" class=\"qtip like\"><i class=\"la la-heart-o\"><\/i><\/span><\/a><span class=\"count\">26<\/span> Likes<\/div><\/div><div class=\"post-read\">2 mins read<\/div><div class=\"post-view\">3498 Views<\/div><\/div><\/div><\/div><\/article><article class=\"post-size span4 style_4 1 post-1 post type-post status-publish format-image has-post-thumbnail hentry category-agenda post_format-post-format-image post\"><div class=\"post-content-container textcenter\"><div class=\"post-img-block\"><figure class=\"post-img\"><a href=\"https:\/\/www.alterites.fr\/?p=1\" rel=\"bookmark\"><img loading=\"lazy\" decoding=\"async\" width=\"570\" height=\"410\" src=\"https:\/\/www.alterites.fr\/wp-content\/uploads\/2019\/11\/Affiche-colloque-2019-Interculturalite\u0301-ope\u0301rationnelle-EMSOME-570x410.png\" class=\"attachment-medium size-medium wp-post-image\" alt=\"\" \/><\/a><\/figure><div class=\"label-date\"><span class=\"day\">23<\/span><span class=\"month\">Nov<\/span><\/div><\/div><div class=\"post-content-block\"><div class=\"meta-categories\"><a href=\"https:\/\/www.alterites.fr\/?cat=17\" rel=\"category\">Agenda<\/a><\/div><header class=\"title\"><h2 itemprop=\"headline\"><a href=\"https:\/\/www.alterites.fr\/?p=1\" title=\"Permalink to Colloque \u00e0 l&rsquo;\u00c9cole Militaire\" rel=\"bookmark\">Colloque \u00e0 l&rsquo;\u00c9cole Militaire<\/a><\/h2><\/header><div class=\"post-content\"><div class=\"post-excerpt\">Rdv le 27 novembre \u00e0 l&rsquo;\u00e9cole militaire. Dans le cadre de la 3\u00e8me \u00e9dition<\/div><\/div><div class=\"post-meta footer-meta\"><div class=\"post-like\"><div class=\"item-like\"><a href=\"#\" data-post_id=\"1\"><span  title=\"I like this\" class=\"qtip like\"><i class=\"la la-heart-o\"><\/i><\/span><\/a><span class=\"count\">29<\/span> Likes<\/div><\/div><div class=\"post-read\">1 min read<\/div><div class=\"post-view\">3013 Views<\/div><\/div><\/div><\/div><\/article><\/div><\/div>","protected":false},"excerpt":{"rendered":"","protected":false},"author":1,"featured_media":0,"parent":0,"menu_order":0,"comment_status":"closed","ping_status":"closed","template":"page-nosidebar.php","meta":{"_monsterinsights_skip_tracking":false,"_monsterinsights_sitenote_active":false,"_monsterinsights_sitenote_note":"","_monsterinsights_sitenote_category":0,"kt_blocks_editor_width":"","footnotes":""},"_links":{"self":[{"href":"https:\/\/www.alterites.fr\/index.php?rest_route=\/wp\/v2\/pages\/22"}],"collection":[{"href":"https:\/\/www.alterites.fr\/index.php?rest_route=\/wp\/v2\/pages"}],"about":[{"href":"https:\/\/www.alterites.fr\/index.php?rest_route=\/wp\/v2\/types\/page"}],"author":[{"embeddable":true,"href":"https:\/\/www.alterites.fr\/index.php?rest_route=\/wp\/v2\/users\/1"}],"replies":[{"embeddable":true,"href":"https:\/\/www.alterites.fr\/index.php?rest_route=%2Fwp%2Fv2%2Fcomments&post=22"}],"version-history":[{"count":43,"href":"https:\/\/www.alterites.fr\/index.php?rest_route=\/wp\/v2\/pages\/22\/revisions"}],"predecessor-version":[{"id":2054,"href":"https:\/\/www.alterites.fr\/index.php?rest_route=\/wp\/v2\/pages\/22\/revisions\/2054"}],"wp:attachment":[{"href":"https:\/\/www.alterites.fr\/index.php?rest_route=%2Fwp%2Fv2%2Fmedia&parent=22"}],"curies":[{"name":"wp","href":"https:\/\/api.w.org\/{rel}","templated":true}]}}