{"id":1896,"date":"2020-11-30T13:03:43","date_gmt":"2020-11-30T12:03:43","guid":{"rendered":"https:\/\/www.alterites.fr\/?page_id=1896"},"modified":"2022-05-10T00:19:09","modified_gmt":"2022-05-09T22:19:09","slug":"les-temoignages","status":"publish","type":"page","link":"https:\/\/www.alterites.fr\/?page_id=1896","title":{"rendered":"Les t\u00e9moignages"},"content":{"rendered":"\n<blockquote class=\"wp-block-quote\"><p>Madame SERRE collabore avec l\u2019\u00c9tat-major sp\u00e9cialis\u00e9 pour l&rsquo;Outre-Mer et l&rsquo;\u00e9tranger depuis plus de deux ans et a directement contribu\u00e9 \u00e0 une approche originale et compl\u00e9mentaire des  r\u00e9flexions conduites dans notre organisme dans le domaine de  l\u2019interculturalit\u00e9. J\u2019ai \u00e9t\u00e9 personnellement  et tr\u00e8s r\u00e9guli\u00e8rement en contact avec elle pour nos travaux communs et  peux donc t\u00e9moigner des qualit\u00e9s professionnelles dont elle a fait preuve. Ses comp\u00e9tences d\u2019anthropologue, ses m\u00e9thodes de travail et de d\u00e9corticage de situations relationnelles complexes, ainsi que sa capacit\u00e9 \u00e0 nommer les facteurs et \u00e0 expliquer les m\u00e9canismes et sch\u00e9mas mentaux qui sous-tendent les \u00e9changes interpersonnels et interculturels sont particuli\u00e8rement pertinents. Elle montre en outre un grand dynamisme dans la conduite de projet et a \u00e9t\u00e9 un \u00e9l\u00e9ment moteur dans la conception puis  la pr\u00e9paration pratique du forum sur l\u2019interculturalit\u00e9 organis\u00e9 par l\u2019EMSOME. Sa pr\u00e9sence \u00e0 nos c\u00f4t\u00e9s nous a permis de remettre en question certaines certitudes et de renforcer notre capacit\u00e9 de formation.<\/p><cite>Colonel Reinbold <br>Chef d\u2019\u00e9tat-major de l&rsquo;EMSOME<br>avril 2021<\/cite><\/blockquote>\n\n\n\n<blockquote class=\"wp-block-quote\"><p>Je travaille en collaboration avec Marie depuis plus de deux ans. Je la recommande particuli\u00e8rement pour ses qualit\u00e9s p\u00e9dagogiques et sa capacit\u00e9 \u00e0 mobiliser diff\u00e9rents outils pour sensibiliser \u00e0 la gestion de l&rsquo;alt\u00e9rit\u00e9. Marie est cr\u00e9ative, dynamique, et hautement appr\u00e9ci\u00e9e des \u00e9tudiants. Au-del\u00e0 des ses qualit\u00e9s d&rsquo;enseignante, Marie a la capacit\u00e9 d&rsquo;articuler ses connaissances anthropologiques dans diff\u00e9rents domaines professionnels, et c&rsquo;est une de ses grandes forces. Marie conjugue savoir-\u00eatre et savoir-faire, et  pour cette raison j&rsquo;appr\u00e9cie travailler avec elle. <\/p><cite>St\u00e9phanie larchanche, Anthropologue m\u00e9dicale, <br>Responsable du transfert des comp\u00e9tences, Association F&amp;E Minkowska, psychiatrie transculturelle et sant\u00e9 mentale des migrants, mars 2021<\/cite><\/blockquote>\n\n\n\n<div class=\"wp-block-columns has-3-columns is-layout-flex wp-container-core-columns-layout-1 wp-block-columns-is-layout-flex\">\n<div class=\"wp-block-column is-layout-flow wp-block-column-is-layout-flow\">\n<blockquote class=\"wp-block-quote\"><p>J&rsquo;ai assist\u00e9 aux conf\u00e9rences de Marie Serre \u00ab\u00a0Aux origines de la domination masculine\u00a0\u00bb et \u00ab\u00a0On ne na\u00eet pas homme, on le devient\u00a0\u00bb. Les deux \u00e9taient passionnantes. Marie Serre sait parfaitement transmettre son savoir avec humilit\u00e9, clart\u00e9 et sans parti pris.<\/p><cite>EMmanuelle julien, journaliste, novembre 2020<\/cite><\/blockquote>\n<\/div>\n\n\n\n<div class=\"wp-block-column is-layout-flow wp-block-column-is-layout-flow\">\n<blockquote class=\"wp-block-quote\"><p>Nous avons assist\u00e9 \u00e0 une Masterclass en ligne sur \u00ab\u00a0Les origines de la domination masculine\u00a0\u00bb. Mme Serre a fait une pr\u00e9sentation limpide, fluide et tr\u00e8s instructive, aussi interactive que possible via Zoom (covid oblige). Les questions\/r\u00e9ponses en fin de pr\u00e9sentation ont tr\u00e8s bien \u00e9t\u00e9 g\u00e9r\u00e9es.<\/p><cite>aline dj, novembre 2020<\/cite><\/blockquote>\n<\/div>\n\n\n\n<div class=\"wp-block-column is-layout-flow wp-block-column-is-layout-flow\">\n<blockquote class=\"wp-block-quote\"><p>Mme Serre \u00e9tait magistrale lors de son intervention virtuelle lors de son Grand Cours \u00e0 l&rsquo;ISIT \u00ab\u00a0Anthropologie &amp; Interculturalit\u00e9\u00a0\u00bb. Une grande aisance de communication et une \u00e9coute exemplaire ! Un grand merci \u00e0 Mme Serre !<\/p><cite>Mohamed Jihad. Interpr\u00e8te de conf\u00e9rence, novembre 2020<\/cite><\/blockquote>\n<\/div>\n<\/div>\n\n\n\n<blockquote class=\"wp-block-quote\"><p>J&rsquo;ai pu d\u00e9couvrir les cours de Marie Serre lors de mes \u00e9tudes en psychologie. Ces cours ont \u00e9t\u00e9 passionnants et enrichissants, encore aujourd&rsquo;hui je les utilise dans une pratique personnelle. Elle nous v\u00e9hicule toute sa bienveillance, sa passion, sa culture, rien de tel pour \u00eatre transport\u00e9e par ses histoires. Je n&rsquo;oublierai jamais son savoir, sa qualit\u00e9 de transmettre, cette sensation de voyage dans des sauts historiques. Marie Serre est captivante, p\u00e9dagogue et avec un tr\u00e8s bon humour, j&rsquo;ai \u00e9norm\u00e9ment appr\u00e9ci\u00e9 ses cours.<br> Au plaisir de vous revoir.<\/p><cite>M\u00e9lanie Benettayeb, \u00c9TUDIANTE, novembre 2020<\/cite><\/blockquote>\n\n\n\n<blockquote class=\"wp-block-quote\"><p>L&rsquo;anthropologie est une mati\u00e8re fondamentale pour comprendre l&rsquo;humain. \u00c9tudiant en psychoth\u00e9rapie, les cours dispens\u00e9s par Marie Serre me permettent de prendre en consid\u00e9ration la culture dans la compr\u00e9hension des troubles psychologiques. En tant que futur psychoth\u00e9rapeute, l&rsquo;anthropologie permet de revoir, de r\u00e9ajuster sa vision \u00ab\u00a0ethnocentr\u00e9e\u00a0\u00bb en s&rsquo;ouvrant au monde, \u00e0 la vision de l&rsquo;autre pour permettre un meilleur accompagnement. Je recommande vivement Marie Serre qui part son expertise et sa passion pour le sujet, nous pousse \u00e0 nous interroger, remettre en question, d\u00e9construire des sch\u00e9mas et mod\u00e8les de pens\u00e9e dominants afin de comprendre le monde avec des visions diff\u00e9rentes.<\/p><cite>Dravinsingh Balgobin, \u00e9tudiant en psychologie, d\u00e9cembre 2020<\/cite><\/blockquote>\n\n\n\n<blockquote class=\"wp-block-quote\"><p>Au cours de mon cursus universitaire, j\u2019ai assist\u00e9 \u00e0 trois journ\u00e9es de cours d\u2019anthropologie enseign\u00e9s par l\u2019anthropologue Marie Serre. Ces cours pr\u00e9sentaient les six principaux courants th\u00e9oriques de l\u2019anthropologie, des concepts fondamentaux et les m\u00e9thodes de cette discipline, ils \u00e9taient compl\u00e9t\u00e9s par des exercices pratiques. Cette initiation m\u2019a permis d\u2019acqu\u00e9rir de nouvelles connaissances mais surtout d\u2019\u00e9largir mon cadre de r\u00e9f\u00e9rence. Aujourd\u2019hui encore, je regarde certaines \u00e9missions culturelles et lis certains \u00e9crits relatifs \u00e0 l\u2019histoire et \u00e0 nos soci\u00e9t\u00e9s actuelles avec un regard plus distanci\u00e9\/critique. J\u2019ai \u00e9galement pris conscience \u00e0 quel point les enjeux interculturels \u00e9taient constamment pr\u00e9sents, proches dans le temps et dans notre environnement (g\u00e9ographique), et que comme tout un chacun, j\u2019en \u00e9tais un observateur et un acteur. La p\u00e9dagogie et la passion de transmettre de Marie Serre ont largement contribu\u00e9 \u00e0 rendre cet enseignement concret et passionnant.<\/p><cite>Delphine, \u00e9tudiante, Juillet 2020<\/cite><\/blockquote>\n","protected":false},"excerpt":{"rendered":"<p>Madame SERRE collabore avec l\u2019\u00c9tat-major sp\u00e9cialis\u00e9 pour l&rsquo;Outre-Mer et l&rsquo;\u00e9tranger depuis plus de deux ans et a directement contribu\u00e9 \u00e0 une approche originale et compl\u00e9mentaire des r\u00e9flexions conduites dans notre organisme dans le domaine de l\u2019interculturalit\u00e9. J\u2019ai \u00e9t\u00e9 personnellement et tr\u00e8s r\u00e9guli\u00e8rement en contact avec elle pour nos travaux communs et peux donc t\u00e9moigner des<\/p>\n","protected":false},"author":1,"featured_media":0,"parent":0,"menu_order":0,"comment_status":"closed","ping_status":"closed","template":"page-nosidebar.php","meta":{"_monsterinsights_skip_tracking":false,"_monsterinsights_sitenote_active":false,"_monsterinsights_sitenote_note":"","_monsterinsights_sitenote_category":0,"kt_blocks_editor_width":"","footnotes":""},"_links":{"self":[{"href":"https:\/\/www.alterites.fr\/index.php?rest_route=\/wp\/v2\/pages\/1896"}],"collection":[{"href":"https:\/\/www.alterites.fr\/index.php?rest_route=\/wp\/v2\/pages"}],"about":[{"href":"https:\/\/www.alterites.fr\/index.php?rest_route=\/wp\/v2\/types\/page"}],"author":[{"embeddable":true,"href":"https:\/\/www.alterites.fr\/index.php?rest_route=\/wp\/v2\/users\/1"}],"replies":[{"embeddable":true,"href":"https:\/\/www.alterites.fr\/index.php?rest_route=%2Fwp%2Fv2%2Fcomments&post=1896"}],"version-history":[{"count":16,"href":"https:\/\/www.alterites.fr\/index.php?rest_route=\/wp\/v2\/pages\/1896\/revisions"}],"predecessor-version":[{"id":2051,"href":"https:\/\/www.alterites.fr\/index.php?rest_route=\/wp\/v2\/pages\/1896\/revisions\/2051"}],"wp:attachment":[{"href":"https:\/\/www.alterites.fr\/index.php?rest_route=%2Fwp%2Fv2%2Fmedia&parent=1896"}],"curies":[{"name":"wp","href":"https:\/\/api.w.org\/{rel}","templated":true}]}}