{"id":1811,"date":"2020-11-24T07:43:41","date_gmt":"2020-11-24T06:43:41","guid":{"rendered":"https:\/\/www.alterites.fr\/?page_id=1811"},"modified":"2020-11-24T22:04:01","modified_gmt":"2020-11-24T21:04:01","slug":"ils-nous-font-confiance","status":"publish","type":"page","link":"https:\/\/www.alterites.fr\/?page_id=1811","title":{"rendered":"Ils nous font confiance"},"content":{"rendered":"\n<div style=\"height:50px\" aria-hidden=\"true\" class=\"wp-block-spacer\"><\/div>\n\n\n<style id=\"kt-blocks_e5fba1-2f\" type=\"text\/css\">#kt-adv-heading_e5fba1-2f, #kt-adv-heading_e5fba1-2f .wp-block-kadence-advancedheading {text-transform:uppercase;}<\/style>\n<h5 id=\"kt-adv-heading_e5fba1-2f\" class=\"kt-adv-heading_e5fba1-2f wp-block-kadence-advancedheading\" style=\"text-align:center\">Ils nous font confiance<\/h5>\n\n\n\n<div class=\"wp-block-columns has-2-columns is-layout-flex wp-container-core-columns-layout-1 wp-block-columns-is-layout-flex\">\n<div class=\"wp-block-column is-layout-flow wp-block-column-is-layout-flow\">\n<div style=\"height:50px\" aria-hidden=\"true\" class=\"wp-block-spacer\"><\/div>\n\n\n\n<div class=\"wp-block-image\"><figure class=\"aligncenter\"><a href=\"https:\/\/www.emsome.terre.defense.gouv.fr\/index.php\/fr\/\" target=\"_blank\" rel=\"noreferrer noopener\"><img loading=\"lazy\" decoding=\"async\" width=\"200\" height=\"304\" src=\"https:\/\/www.alterites.fr\/wp-content\/uploads\/2020\/11\/EMSOME.png\" alt=\"\" class=\"wp-image-1815\"\/><\/a><figcaption>\u00c9TAT-MAJOR SP\u00c9CIALIS\u00c9 POUR L&rsquo;OUTRE-MER ET L&rsquo;\u00c9TRANGER<\/figcaption><\/figure><\/div>\n\n\n\n<div style=\"height:60px\" aria-hidden=\"true\" class=\"wp-block-spacer\"><\/div>\n\n\n\n<div class=\"wp-block-image\"><figure class=\"aligncenter is-resized\"><a href=\"https:\/\/sfu-paris.fr\/\" target=\"_blank\" rel=\"noreferrer noopener\"><img loading=\"lazy\" decoding=\"async\" src=\"https:\/\/www.alterites.fr\/wp-content\/uploads\/2020\/11\/uni_Sigmund-Freud-University.png\" alt=\"\" class=\"wp-image-1825\" width=\"205\" height=\"194\" srcset=\"https:\/\/www.alterites.fr\/wp-content\/uploads\/2020\/11\/uni_Sigmund-Freud-University.png 1240w, https:\/\/www.alterites.fr\/wp-content\/uploads\/2020\/11\/uni_Sigmund-Freud-University-768x730.png 768w, https:\/\/www.alterites.fr\/wp-content\/uploads\/2020\/11\/uni_Sigmund-Freud-University-585x556.png 585w\" sizes=\"(max-width: 205px) 100vw, 205px\" \/><\/a><figcaption>UNIVERSIT\u00c9 PRIV\u00c9E DE PSYCHOLOGIE<\/figcaption><\/figure><\/div>\n\n\n\n<div style=\"height:40px\" aria-hidden=\"true\" class=\"wp-block-spacer\"><\/div>\n\n\n\n<div class=\"wp-block-image\"><figure class=\"aligncenter\"><a href=\"https:\/\/www.feministsinthecity.com\/\" target=\"_blank\" rel=\"noreferrer noopener\"><img loading=\"lazy\" decoding=\"async\" width=\"225\" height=\"225\" src=\"https:\/\/www.alterites.fr\/wp-content\/uploads\/2020\/11\/Feminist-in-the-city.png\" alt=\"\" class=\"wp-image-1822\" srcset=\"https:\/\/www.alterites.fr\/wp-content\/uploads\/2020\/11\/Feminist-in-the-city.png 225w, https:\/\/www.alterites.fr\/wp-content\/uploads\/2020\/11\/Feminist-in-the-city-160x160.png 160w\" sizes=\"(max-width: 225px) 100vw, 225px\" \/><\/a><figcaption>VISITES GUID\u00c9ES &amp; MASTERCLASS<\/figcaption><\/figure><\/div>\n<\/div>\n\n\n\n<div class=\"wp-block-column is-layout-flow wp-block-column-is-layout-flow\">\n<div style=\"height:80px\" aria-hidden=\"true\" class=\"wp-block-spacer\"><\/div>\n\n\n\n<div class=\"wp-block-image\"><figure class=\"aligncenter\"><a href=\"http:\/\/www.minkowska.com\/actu\/dipl%C3%B4me-universitaire-sant%C3%A9-maladie-soins-m%C3%A9diation-et-comp%C3%A9tence-culturelle\" target=\"_blank\" rel=\"noreferrer noopener\"><img loading=\"lazy\" decoding=\"async\" width=\"379\" height=\"133\" src=\"https:\/\/www.alterites.fr\/wp-content\/uploads\/2020\/11\/Minkowska.png\" alt=\"\" class=\"wp-image-1818\"\/><\/a><figcaption>LIEU DE CONSULTATION, FORMATION, TRANSMISSION ET D&rsquo;INFORMATION SUR LA SANT\u00c9 MENTALE DES MIGRANTS<\/figcaption><\/figure><\/div>\n\n\n\n<div style=\"height:83px\" aria-hidden=\"true\" class=\"wp-block-spacer\"><\/div>\n\n\n\n<div class=\"wp-block-image\"><figure class=\"aligncenter is-resized\"><a href=\"https:\/\/u-paris.fr\/\"><img loading=\"lazy\" decoding=\"async\" src=\"https:\/\/www.alterites.fr\/wp-content\/uploads\/2020\/11\/Paris7-2.jpg\" alt=\"\" class=\"wp-image-1840\" width=\"261\" height=\"105\" srcset=\"https:\/\/www.alterites.fr\/wp-content\/uploads\/2020\/11\/Paris7-2.jpg 1676w, https:\/\/www.alterites.fr\/wp-content\/uploads\/2020\/11\/Paris7-2-768x311.jpg 768w, https:\/\/www.alterites.fr\/wp-content\/uploads\/2020\/11\/Paris7-2-585x237.jpg 585w\" sizes=\"(max-width: 261px) 100vw, 261px\" \/><\/a><\/figure><\/div>\n\n\n\n<div style=\"height:70px\" aria-hidden=\"true\" class=\"wp-block-spacer\"><\/div>\n\n\n\n<div class=\"wp-block-image\"><figure class=\"aligncenter is-resized\"><a href=\"https:\/\/www.isit-paris.fr\/\" target=\"_blank\" rel=\"noreferrer noopener\"><img loading=\"lazy\" decoding=\"async\" src=\"https:\/\/www.alterites.fr\/wp-content\/uploads\/2020\/11\/isit-logo.jpg\" alt=\"\" class=\"wp-image-1832\" width=\"332\" height=\"103\"\/><\/a><figcaption>GRANDE \u00c9COLE DE MANAGEMENT ET COMMUNICATION INTERCULTUREL<\/figcaption><\/figure><\/div>\n\n\n\n<div style=\"height:58px\" aria-hidden=\"true\" class=\"wp-block-spacer\"><\/div>\n\n\n\n<div class=\"wp-block-image\"><figure class=\"aligncenter\"><a href=\"https:\/\/www.ontimecomedy.com\/campus-on-time-comedy\" target=\"_blank\" rel=\"noreferrer noopener\"><img loading=\"lazy\" decoding=\"async\" width=\"225\" height=\"225\" src=\"https:\/\/www.alterites.fr\/wp-content\/uploads\/2020\/11\/Barbes-Comedy-Club.png\" alt=\"\" class=\"wp-image-1816\" srcset=\"https:\/\/www.alterites.fr\/wp-content\/uploads\/2020\/11\/Barbes-Comedy-Club.png 225w, https:\/\/www.alterites.fr\/wp-content\/uploads\/2020\/11\/Barbes-Comedy-Club-160x160.png 160w\" sizes=\"(max-width: 225px) 100vw, 225px\" \/><\/a><figcaption>LA CAMPUS &#8211; STAGE DE STAND-UP<\/figcaption><\/figure><\/div>\n<\/div>\n<\/div>\n","protected":false},"excerpt":{"rendered":"<p>Ils nous font confiance<\/p>\n","protected":false},"author":1,"featured_media":0,"parent":0,"menu_order":0,"comment_status":"closed","ping_status":"closed","template":"page-nosidebar.php","meta":{"_monsterinsights_skip_tracking":false,"_monsterinsights_sitenote_active":false,"_monsterinsights_sitenote_note":"","_monsterinsights_sitenote_category":0,"kt_blocks_editor_width":"","footnotes":""},"_links":{"self":[{"href":"https:\/\/www.alterites.fr\/index.php?rest_route=\/wp\/v2\/pages\/1811"}],"collection":[{"href":"https:\/\/www.alterites.fr\/index.php?rest_route=\/wp\/v2\/pages"}],"about":[{"href":"https:\/\/www.alterites.fr\/index.php?rest_route=\/wp\/v2\/types\/page"}],"author":[{"embeddable":true,"href":"https:\/\/www.alterites.fr\/index.php?rest_route=\/wp\/v2\/users\/1"}],"replies":[{"embeddable":true,"href":"https:\/\/www.alterites.fr\/index.php?rest_route=%2Fwp%2Fv2%2Fcomments&post=1811"}],"version-history":[{"count":16,"href":"https:\/\/www.alterites.fr\/index.php?rest_route=\/wp\/v2\/pages\/1811\/revisions"}],"predecessor-version":[{"id":1997,"href":"https:\/\/www.alterites.fr\/index.php?rest_route=\/wp\/v2\/pages\/1811\/revisions\/1997"}],"wp:attachment":[{"href":"https:\/\/www.alterites.fr\/index.php?rest_route=%2Fwp%2Fv2%2Fmedia&parent=1811"}],"curies":[{"name":"wp","href":"https:\/\/api.w.org\/{rel}","templated":true}]}}