{"id":10,"date":"2019-11-23T17:24:35","date_gmt":"2019-11-23T16:24:35","guid":{"rendered":"https:\/\/www.alterites.fr\/?page_id=10"},"modified":"2021-01-30T12:36:38","modified_gmt":"2021-01-30T11:36:38","slug":"formation","status":"publish","type":"page","link":"https:\/\/www.alterites.fr\/?page_id=10","title":{"rendered":"Formation"},"content":{"rendered":"\n<div style=\"height:50px\" aria-hidden=\"true\" class=\"wp-block-spacer\"><\/div>\n\n\n<style id=\"kt-blocks_f2caa7-48\" type=\"text\/css\">#kt-adv-heading_f2caa7-48, #kt-adv-heading_f2caa7-48 .wp-block-kadence-advancedheading {text-transform:uppercase;}<\/style>\n<h5 id=\"kt-adv-heading_f2caa7-48\" class=\"kt-adv-heading_f2caa7-48 wp-block-kadence-advancedheading\" style=\"text-align:center\">Formation<\/h5>\n\n\n\n<p style=\"text-align:left\">Formation professionnelle ou formation de formateurs, sur la diversit\u00e9 et l&rsquo;inclusion ou sur la gestion de l&rsquo;interculturalit\u00e9, g\u00e9n\u00e9raliste ou prenant en compte les sp\u00e9cificit\u00e9s de votre corps de m\u00e9tier (sant\u00e9, sant\u00e9 mentale, social, \u00e9ducation, d\u00e9fense, management, tourisme, forces de l&rsquo;ordre), <strong>la m\u00e9thode <em>alt\u00e9rit\u00e9s<\/em><\/strong> <strong>s&rsquo;adapte<\/strong>. <\/p>\n\n\n\n<p>N&rsquo;h\u00e9sitez pas \u00e0 me contacter pour \u00e9changer et construire ensemble <strong>une formation sur mesure<\/strong>.   <\/p>\n","protected":false},"excerpt":{"rendered":"<p>Formation Formation professionnelle ou formation de formateurs, sur la diversit\u00e9 et l&rsquo;inclusion ou sur la gestion de l&rsquo;interculturalit\u00e9, g\u00e9n\u00e9raliste ou prenant en compte les sp\u00e9cificit\u00e9s de votre corps de m\u00e9tier (sant\u00e9, sant\u00e9 mentale, social, \u00e9ducation, d\u00e9fense, management, tourisme, forces de l&rsquo;ordre), la m\u00e9thode alt\u00e9rit\u00e9s s&rsquo;adapte. N&rsquo;h\u00e9sitez pas \u00e0 me contacter pour \u00e9changer et construire ensemble<\/p>\n","protected":false},"author":1,"featured_media":0,"parent":0,"menu_order":0,"comment_status":"closed","ping_status":"closed","template":"page-nosidebar.php","meta":{"_monsterinsights_skip_tracking":false,"_monsterinsights_sitenote_active":false,"_monsterinsights_sitenote_note":"","_monsterinsights_sitenote_category":0,"kt_blocks_editor_width":"","footnotes":""},"_links":{"self":[{"href":"https:\/\/www.alterites.fr\/index.php?rest_route=\/wp\/v2\/pages\/10"}],"collection":[{"href":"https:\/\/www.alterites.fr\/index.php?rest_route=\/wp\/v2\/pages"}],"about":[{"href":"https:\/\/www.alterites.fr\/index.php?rest_route=\/wp\/v2\/types\/page"}],"author":[{"embeddable":true,"href":"https:\/\/www.alterites.fr\/index.php?rest_route=\/wp\/v2\/users\/1"}],"replies":[{"embeddable":true,"href":"https:\/\/www.alterites.fr\/index.php?rest_route=%2Fwp%2Fv2%2Fcomments&post=10"}],"version-history":[{"count":28,"href":"https:\/\/www.alterites.fr\/index.php?rest_route=\/wp\/v2\/pages\/10\/revisions"}],"predecessor-version":[{"id":1946,"href":"https:\/\/www.alterites.fr\/index.php?rest_route=\/wp\/v2\/pages\/10\/revisions\/1946"}],"wp:attachment":[{"href":"https:\/\/www.alterites.fr\/index.php?rest_route=%2Fwp%2Fv2%2Fmedia&parent=10"}],"curies":[{"name":"wp","href":"https:\/\/api.w.org\/{rel}","templated":true}]}}